{"id":11,"date":"2018-12-14T18:59:17","date_gmt":"2018-12-14T18:59:17","guid":{"rendered":"https:\/\/staging.hosting100584.af9aa.netcup.net\/?page_id=11"},"modified":"2020-10-28T06:39:58","modified_gmt":"2020-10-28T06:39:58","slug":"datenschutzhinweis","status":"publish","type":"page","link":"https:\/\/schachinfredersdorf.de\/?page_id=11","title":{"rendered":"Datenschutz"},"content":{"rendered":"<div class=\"entry-content\">\n<p>Diese Webseite verwendet sog. Cookies, d. h. kleine Textdateien, die von Ihrem Browser in Ihrem Cookie-Ordner gespeichert werden. Darin wird vermerkt, ob der jeweilige Besucher ein registrierter Nutzer ist (z. B. Administrator, Redakteur oder sonstig \u201eprivilegierter\u201c Nutzer), ob er eingeloggt ist und ggf. welche Einstellungen er an der Webseite vorgenommen hat. Auch dienen Cookies dem vor\u00fcbergehenden Zwischenspeichern von Eingabedaten, etwa w\u00e4hrend der Anmeldung zu einem Turnier.<br \/>\nEs werden nur Cookies zum Zweck der Funktionalit\u00e4t dieser Seite gesetzt. Es werden <u>keine<\/u> \u201eunn\u00f6tigen\u201c Cookies f\u00fcr Werbe- oder Marktforschungszwecke oder das Erstellen von Nutzerprofilen gesetzt; insbesondere werden <u>keine<\/u> sog. \u201eTracking\u201c-Cookies von Drittanbietern (wie z. B. Google, Facebook oder Amazon) verwendet.<\/p>\n<p>In Ihrem Browser k\u00f6nnen Sie \u2013 sofern Sie einen g\u00e4ngigen Browser wie Firefox, Chrome, Microsoft Edge oder -IE benutzen \u2013 die Verwendung von Cookies deaktivieren und Cookies l\u00f6schen. Dies hat zur Folge, dass Sie sich nicht einloggen k\u00f6nnen oder dass ggf. bestimmte Navigationselemente oder weitere Elemente auf dieser Seite nicht funktionieren.<\/p>\n<p>Ihr Browser \u00fcbermittelt bei der Kommunikation mit dieser Seite automatisch eine Kennung des Browsers und des Betriebssystems, den Host-Namen Ihres Rechners, die angeforderte URL, ggf. die URL, von der Sie weitergeleitet wurden, Zugriffszeit und seitens Ihres Providers oder Proxy-Servers eine IP-Adresse, die n\u00f6tig ist, um \u00fcberhaupt eine Kommunikation aufbauen zu k\u00f6nnen. Diese Daten werden gem\u00e4\u00df dem deutschen Datenschutzrecht behandelt. Personenbezogene Daten werden nicht f\u00fcr Werbe- oder Marktforschungszwecke an dritte Parteien weitergegeben, allerdings im rechtlichen Rahmen ggf. zum Zweck zivil- oder strafrechtlicher Verfolgung oder zur Gefahrenabwehr, z. B. im Fall eines Angriffs auf unsere Seite.<\/p>\n<p>Gegebenenfalls werden wir nicht-personalisierte Zugriffsstatistiken in allgemeiner Form ver\u00f6ffentlichen, z. B. \u00fcber die meistgelesenen Artikel der Seite, die am h\u00e4ufigsten verwendeten Browser oder Betriebssysteme, oder zu welchen Zeiten oder aus welchen Regionen es die meisten Seitenaufrufe gab.<\/p>\n<\/div>\n<p>Sollten Sie sich f\u00fcr ein Turnier anmelden, so ergeben sich die \u00fcbermittelten Daten aus der jeweiligen Eingabemaske. Diese Daten dienen der ordnungsgem\u00e4\u00dfen Registrierung und Einordnung des angemeldeten Spielers in das Turnier und ggf. seine Untergruppen, ggf. der Kontaktaufnahme im Zusammenhang mit dem jeweiligen Turnier und dem Erstellen von Teilnehmer-, Paarungs- und Ranglisten.<\/p>\n<p>Sie k\u00f6nnen \u00fcber Ihre bei uns gespeicherten personenbezogenen Daten Auskunft erhalten, sowie \u00fcber deren Verarbeitung. Sie k\u00f6nnen unrichtige Daten zu Ihrer Person berichtigen lassen oder Daten l\u00f6schen lassen, allerdings bleiben Rang- und Ergebnislisten zu schachhistorischen und -statistischen Zwecken erhalten. Sie k\u00f6nnen gegen die Verarbeitung von Daten und Daten\u00fcbertragbarkeit Widerspruch einlegen oder die Datenverarbeitung einschr\u00e4nken, sofern wir Ihre Daten aufgrund rechtlicher Pflichten noch nicht l\u00f6schen d\u00fcrfen.<\/p>\n<div class=\"entry-content\">\n<p>Sie k\u00f6nnen sich jederzeit mit einer Beschwerde an die f\u00fcr Sie zust\u00e4ndige Aufsichtsbeh\u00f6rde wenden. Ihre zust\u00e4ndige Aufsichtsbeh\u00f6rde richtet sich nach dem Bundesland Ihres Wohnsitzes, Ihrer Arbeit oder der mutma\u00dflichen Verletzung. Eine Liste der Aufsichtsbeh\u00f6rden (f\u00fcr den nicht\u00f6ffentlichen Bereich) mit Anschrift finden Sie unter: <a href=\"https:\/\/www.bfdi.bund.de\/DE\/Infothek\/Anschriften_Links\/anschriften_links-node.html\" target=\"_blank\" rel=\"noopener\">https:\/\/www.bfdi.bund.de\/DE\/Infothek\/Anschriften_Links\/anschriften_links-node.html<\/a>.<\/p>\n<p>[Ende der Datenschutzerkl\u00e4rung. Zuletzt ge\u00e4ndert: 28.10.2020. \u00c4nderungen sind z.B. bei neuer Rechtslage oder funktioneller \u00c4nderungen dieser Seite m\u00f6glich.]<\/p>\n<\/div>\n","protected":false},"excerpt":{"rendered":"<p>Diese Webseite verwendet sog. Cookies, d. h. kleine Textdateien, die von Ihrem Browser in Ihrem Cookie-Ordner gespeichert werden. Darin wird vermerkt, ob der jeweilige Besucher ein registrierter Nutzer ist (z. B. Administrator, Redakteur oder sonstig \u201eprivilegierter\u201c Nutzer), ob er eingeloggt ist und ggf. welche Einstellungen er an der Webseite vorgenommen hat. Auch dienen Cookies dem<\/p><\/div>\n<div class=\"blog-btn\"><a href=\"https:\/\/schachinfredersdorf.de\/?page_id=11\" class=\"home-blog-btn\">Weiterlesen<\/a><\/p>\n","protected":false},"author":1,"featured_media":0,"parent":0,"menu_order":0,"comment_status":"closed","ping_status":"closed","template":"","meta":[],"_links":{"self":[{"href":"https:\/\/schachinfredersdorf.de\/index.php?rest_route=\/wp\/v2\/pages\/11"}],"collection":[{"href":"https:\/\/schachinfredersdorf.de\/index.php?rest_route=\/wp\/v2\/pages"}],"about":[{"href":"https:\/\/schachinfredersdorf.de\/index.php?rest_route=\/wp\/v2\/types\/page"}],"author":[{"embeddable":true,"href":"https:\/\/schachinfredersdorf.de\/index.php?rest_route=\/wp\/v2\/users\/1"}],"replies":[{"embeddable":true,"href":"https:\/\/schachinfredersdorf.de\/index.php?rest_route=%2Fwp%2Fv2%2Fcomments&post=11"}],"version-history":[{"count":12,"href":"https:\/\/schachinfredersdorf.de\/index.php?rest_route=\/wp\/v2\/pages\/11\/revisions"}],"predecessor-version":[{"id":3567,"href":"https:\/\/schachinfredersdorf.de\/index.php?rest_route=\/wp\/v2\/pages\/11\/revisions\/3567"}],"wp:attachment":[{"href":"https:\/\/schachinfredersdorf.de\/index.php?rest_route=%2Fwp%2Fv2%2Fmedia&parent=11"}],"curies":[{"name":"wp","href":"https:\/\/api.w.org\/{rel}","templated":true}]}}